{"id":1,"date":"2025-04-18T12:52:41","date_gmt":"2025-04-18T12:52:41","guid":{"rendered":"http:\/\/torsteinmoller.com\/?page_id=1"},"modified":"2025-12-18T09:06:31","modified_gmt":"2025-12-18T08:06:31","slug":"om","status":"publish","type":"page","link":"https:\/\/torsteinmoller.com\/en\/om\/","title":{"rendered":"About"},"content":{"rendered":"<p class=\"wp-block-paragraph\"><strong>Takk for at du bes\u00f8ker bloggen!<\/strong><\/p>\n\n\n\n<p class=\"wp-block-paragraph\">Jeg skriver for \u00e5 l\u00e6re. Gjennom skrivingen f\u00e5r jeg muligheten til \u00e5 studere, reflektere og dele med andre.<\/p>\n\n\n\n<blockquote class=\"wp-block-quote is-layout-flow wp-block-quote-is-layout-flow\">\n<blockquote class=\"wp-block-quote is-layout-flow wp-block-quote-is-layout-flow\">\n<p class=\"wp-block-paragraph\"><em>&laquo;I polyfonien av stemmer og ideer anstrenger han seg for \u00e5 oppfatte et ord og en stemme sannere enn hans egen.&raquo;<\/em><br>\u2014 Jostein B\u00f8rtnes om Dostojevski i boken <em>Polyfoni og karneval<\/em>.<\/p>\n<\/blockquote>\n<\/blockquote>\n\n\n\n<p class=\"wp-block-paragraph\">Jeg har en utdannelse i teologi, familieterapi, m.m. og mine interesser inkluderer tro, terapi, teologi, religionspsykologi og religionsfilosofi.<\/p>\n\n\n\n<p class=\"wp-block-paragraph\">P\u00e5 fritiden liker jeg \u00e5 pusse opp hus og trene kampsport. Jeg har v\u00e6rt gift med Laila siden 1991, og sammen har vi tre s\u00f8nner. Vi har ogs\u00e5 hatt privilegiet av \u00e5 ha fire fosterbarn boende hos oss.<\/p>\n\n\n\n<p class=\"wp-block-paragraph\">Familien v\u00e5r er aktive i v\u00e5r lokale menighet og i et internasjonalt kirkesamfunn.<\/p>\n\n\n\n<figure class=\"wp-block-image size-large\"><img data-recalc-dims=\"1\" loading=\"lazy\" decoding=\"async\" width=\"3456\" height=\"5070\" data-attachment-id=\"396\" data-permalink=\"https:\/\/torsteinmoller.com\/en\/om\/torstein-moller-2\/\" data-orig-file=\"https:\/\/i0.wp.com\/torsteinmoller.com\/wp-content\/uploads\/2025\/05\/2017dbmagasinet_hobbyfolket_pastoren_ferdigefiler_nr47.jpg?fit=3456%2C5070&amp;ssl=1\" data-orig-size=\"3456,5070\" data-comments-opened=\"1\" data-image-meta=\"{&quot;aperture&quot;:&quot;0&quot;,&quot;credit&quot;:&quot;Geir Dokken Photography&quot;,&quot;camera&quot;:&quot;&quot;,&quot;caption&quot;:&quot;Torstein M\\u00f8ller&quot;,&quot;created_timestamp&quot;:&quot;1509108053&quot;,&quot;copyright&quot;:&quot;&quot;,&quot;focal_length&quot;:&quot;0&quot;,&quot;iso&quot;:&quot;0&quot;,&quot;shutter_speed&quot;:&quot;0&quot;,&quot;title&quot;:&quot;Torstein M\\u00f8ller&quot;,&quot;orientation&quot;:&quot;1&quot;}\" data-image-title=\"Torstein M\u00f8ller\" data-image-description=\"\" data-image-caption=\"&lt;p&gt;Torstein M\u00f8ller&lt;\/p&gt;\" data-large-file=\"https:\/\/i0.wp.com\/torsteinmoller.com\/wp-content\/uploads\/2025\/05\/2017dbmagasinet_hobbyfolket_pastoren_ferdigefiler_nr47.jpg?fit=698%2C1024&amp;ssl=1\" src=\"https:\/\/i0.wp.com\/torsteinmoller.com\/wp-content\/uploads\/2025\/05\/2017dbmagasinet_hobbyfolket_pastoren_ferdigefiler_nr47.jpg?resize=3456%2C5070&#038;ssl=1\" alt=\"\" class=\"wp-image-396\"\/><figcaption class=\"wp-element-caption\">Torstein M\u00f8ller<\/figcaption><\/figure>\n\n\n\n<figure class=\"wp-block-image size-large\"><img data-recalc-dims=\"1\" loading=\"lazy\" decoding=\"async\" width=\"4312\" height=\"3214\" data-attachment-id=\"395\" data-permalink=\"https:\/\/torsteinmoller.com\/en\/om\/torstein-moller-og-inge-paulsen-2\/\" data-orig-file=\"https:\/\/i0.wp.com\/torsteinmoller.com\/wp-content\/uploads\/2025\/05\/2017dbmagasinet_hobbyfolket_mma_ferdigefiler_nr63-1.jpg?fit=4312%2C3214&amp;ssl=1\" data-orig-size=\"4312,3214\" data-comments-opened=\"1\" data-image-meta=\"{&quot;aperture&quot;:&quot;0&quot;,&quot;credit&quot;:&quot;Geir Dokken Photography&quot;,&quot;camera&quot;:&quot;&quot;,&quot;caption&quot;:&quot;Torstein M\\u00f8ller og Inge Paulsen&quot;,&quot;created_timestamp&quot;:&quot;1509113245&quot;,&quot;copyright&quot;:&quot;&quot;,&quot;focal_length&quot;:&quot;0&quot;,&quot;iso&quot;:&quot;0&quot;,&quot;shutter_speed&quot;:&quot;0&quot;,&quot;title&quot;:&quot;Torstein M\\u00f8ller og Inge Paulsen&quot;,&quot;orientation&quot;:&quot;1&quot;}\" data-image-title=\"Torstein M\u00f8ller og Inge Paulsen\" data-image-description=\"\" data-image-caption=\"&lt;p&gt;Torstein M\u00f8ller og Inge Paulsen&lt;\/p&gt;\" data-large-file=\"https:\/\/i0.wp.com\/torsteinmoller.com\/wp-content\/uploads\/2025\/05\/2017dbmagasinet_hobbyfolket_mma_ferdigefiler_nr63-1.jpg?fit=1024%2C763&amp;ssl=1\" src=\"https:\/\/i0.wp.com\/torsteinmoller.com\/wp-content\/uploads\/2025\/05\/2017dbmagasinet_hobbyfolket_mma_ferdigefiler_nr63-1.jpg?resize=4312%2C3214&#038;ssl=1\" alt=\"\" class=\"wp-image-395\"\/><figcaption class=\"wp-element-caption\">Torstein M\u00f8ller og Inge Paulsen (min hovedtrener)<\/figcaption><\/figure>","protected":false},"excerpt":{"rendered":"<p>Takk for at du bes\u00f8ker bloggen! Jeg skriver for \u00e5 l\u00e6re. Gjennom skrivingen f\u00e5r jeg muligheten til \u00e5 studere, reflektere og dele med andre. Jeg har en utdannelse i teologi, familieterapi, m.m. og mine interesser inkluderer tro, terapi, teologi, religionspsykologi og religionsfilosofi. P\u00e5 fritiden liker jeg \u00e5 pusse opp hus og trene kampsport. Jeg har [&hellip;]<\/p>\n","protected":false},"author":264974946,"featured_media":392,"parent":0,"menu_order":0,"comment_status":"closed","ping_status":"open","template":"","meta":{"_crdt_document":"","advanced_seo_description":"","jetpack_seo_html_title":"","jetpack_seo_noindex":false,"footnotes":""},"class_list":["post-1","page","type-page","status-publish","has-post-thumbnail","hentry"],"jetpack_likes_enabled":true,"jetpack_shortlink":"https:\/\/wp.me\/Pgurue-1","jetpack-related-posts":[],"jetpack_sharing_enabled":true,"_links":{"self":[{"href":"https:\/\/torsteinmoller.com\/en\/wp-json\/wp\/v2\/pages\/1","targetHints":{"allow":["GET"]}}],"collection":[{"href":"https:\/\/torsteinmoller.com\/en\/wp-json\/wp\/v2\/pages"}],"about":[{"href":"https:\/\/torsteinmoller.com\/en\/wp-json\/wp\/v2\/types\/page"}],"author":[{"embeddable":true,"href":"https:\/\/torsteinmoller.com\/en\/wp-json\/wp\/v2\/users\/264974946"}],"replies":[{"embeddable":true,"href":"https:\/\/torsteinmoller.com\/en\/wp-json\/wp\/v2\/comments?post=1"}],"version-history":[{"count":22,"href":"https:\/\/torsteinmoller.com\/en\/wp-json\/wp\/v2\/pages\/1\/revisions"}],"predecessor-version":[{"id":1333,"href":"https:\/\/torsteinmoller.com\/en\/wp-json\/wp\/v2\/pages\/1\/revisions\/1333"}],"wp:featuredmedia":[{"embeddable":true,"href":"https:\/\/torsteinmoller.com\/en\/wp-json\/wp\/v2\/media\/392"}],"wp:attachment":[{"href":"https:\/\/torsteinmoller.com\/en\/wp-json\/wp\/v2\/media?parent=1"}],"curies":[{"name":"wp","href":"https:\/\/api.w.org\/{rel}","templated":true}]}}